{"id":47,"date":"2018-12-30T16:52:14","date_gmt":"2018-12-30T16:52:14","guid":{"rendered":"http:\/\/radeberg-psychotherapie.de\/?page_id=47"},"modified":"2023-07-18T08:53:19","modified_gmt":"2023-07-18T08:53:19","slug":"psychotherapie-juliane-baumgart","status":"publish","type":"page","link":"https:\/\/radeberg-psychotherapie.de\/","title":{"rendered":"Psychotherapiepraxis Juliane Baumgart"},"content":{"rendered":"<p>[et_pb_section fb_built=&#8220;1&#8243; admin_label=&#8220;Header&#8220; _builder_version=&#8220;3.19.2&#8243; use_background_color_gradient=&#8220;on&#8220; background_color_gradient_start=&#8220;rgba(255,255,255,0.89)&#8220; background_color_gradient_end=&#8220;rgba(255,255,255,0)&#8220; background_color_gradient_type=&#8220;radial&#8220; background_color_gradient_direction_radial=&#8220;top left&#8220; background_color_gradient_start_position=&#8220;30%&#8220; background_color_gradient_end_position=&#8220;80%&#8220; background_color_gradient_overlays_image=&#8220;on&#8220; background_image=&#8220;http:\/\/radeberg-psychotherapie.de\/wp-content\/uploads\/2018\/12\/startseite_bild.jpg&#8220; custom_padding=&#8220;12vw|0px|0|0px|false|false&#8220;][et_pb_row custom_margin=&#8220;|||&#8220; _builder_version=&#8220;3.13&#8243;][et_pb_column type=&#8220;4_4&#8243; _builder_version=&#8220;3.0.47&#8243; parallax=&#8220;off&#8220; parallax_method=&#8220;on&#8220;][et_pb_text _builder_version=&#8220;3.19.2&#8243; header_font=&#8220;PT Mono|700|||||||&#8220; header_font_size=&#8220;80px&#8220; header_font_size_tablet=&#8220;48px&#8220; header_font_size_phone=&#8220;32px&#8220; header_font_size_last_edited=&#8220;on|phone&#8220; header_line_height=&#8220;1.2em&#8220; header_2_font=&#8220;Trebuchet|||on|||||&#8220; header_2_text_color=&#8220;#ea7d00&#8243; header_5_font=&#8220;Raleway|700||on|||||&#8220; header_5_text_color=&#8220;#000000&#8243; header_5_font_size=&#8220;20px&#8220; header_5_font_size_tablet=&#8220;14px&#8220; header_5_font_size_phone=&#8220;12px&#8220; header_5_font_size_last_edited=&#8220;on|desktop&#8220; header_5_letter_spacing=&#8220;0.5em&#8220; header_5_line_height=&#8220;1.8em&#8220; animation_style=&#8220;zoom&#8220; animation_intensity_zoom=&#8220;5%&#8220; inline_fonts=&#8220;Trebuchet&#8220;]<\/p>\n<h2>Psychotherapiepraxis<br \/>Juliane Baumgart<\/h2>\n<p>[\/et_pb_text][\/et_pb_column][\/et_pb_row][\/et_pb_section][et_pb_section fb_built=&#8220;1&#8243; admin_label=&#8220;About Us&#8220; _builder_version=&#8220;3.12.2&#8243; custom_padding=&#8220;54px|0px|0|0px|false|false&#8220;][et_pb_row custom_padding=&#8220;27px|0|0|0px|false|false&#8220; custom_padding_tablet=&#8220;|0px||0px||true&#8220; custom_padding_last_edited=&#8220;off|desktop&#8220; _builder_version=&#8220;3.19.2&#8243;][et_pb_column type=&#8220;4_4&#8243; _builder_version=&#8220;3.0.47&#8243; parallax=&#8220;off&#8220; parallax_method=&#8220;on&#8220;][et_pb_text _builder_version=&#8220;3.19.2&#8243; header_2_font=&#8220;|||on|||||&#8220; header_2_text_color=&#8220;#ea7d00&#8243;]<\/p>\n<h2>PRAXIS F\u00dcR PSYCHOTHERAPIE<\/h2>\n<p>&nbsp;<\/p>\n<p>In meiner psychotherapeutischen Praxis biete ich Verhaltenstherapie in Einzel- und Gruppentherapie f\u00fcr\u00a0Erwachsene ab 18 Jahre an.<br \/>Wenn Sie unter psychischen Beschwerden oder Belastungen leiden, kann ich Sie dabei unterst\u00fctzen, zur Erreichung Ihrer pers\u00f6nlichen Ziele f\u00fcr Sie geeignete, alltagstaugliche Bew\u00e4ltigungsstrategien zu finden. Hierbei werden wir Ihre bereits vorhandenen F\u00e4higkeiten ber\u00fccksichtigen und ausbauen und ung\u00fcnstige Denk- und Verhaltensmuster mit Hilfe wissenschaftlich \u00fcberpr\u00fcfter Methoden ver\u00e4ndern.<\/p>\n<p>F\u00fcr eine solche ambulante Verhaltenstherapie\u00a0stellen die Krankenkassen\u00a0zun\u00e4chst bis zu drei Psychotherapeutische Sprechstunden und bei Notwendigkeit bis zu 24 Sitzungen\u00a0zur Verf\u00fcgung. Bei Bedarf kann in eine Langzeittherapie umgewandelt und das Stundenkontingent damit auf 45 bzw. 60 Stunden erh\u00f6ht werden.<\/p>\n<p>Idealer Weise findet einmal w\u00f6chentlich eine Therapiestunde statt.<\/p>\n<p>Mein Ziel ist es Ihnen zu helfen,\u00a0 innerhalb eines \u00fcberschaubaren Zeitraumes selbst\u00e4ndig Ihre Probleme zu \u00fcberwinden.<\/p>\n<p>[\/et_pb_text][\/et_pb_column][\/et_pb_row][\/et_pb_section][et_pb_section fb_built=&#8220;1&#8243; admin_label=&#8220;Rooms&#8220; _builder_version=&#8220;3.12.2&#8243; custom_margin=&#8220;|||&#8220; custom_padding=&#8220;0|0px|0|0px|false|false&#8220;][et_pb_row custom_padding=&#8220;0||0||false|false&#8220; custom_margin=&#8220;40px|||&#8220; _builder_version=&#8220;3.19.2&#8243; border_color_all=&#8220;#f5f5f5&#8243; border_width_top=&#8220;1px&#8220; border_color_top=&#8220;#e25d1f&#8220;][et_pb_column type=&#8220;4_4&#8243; _builder_version=&#8220;3.0.47&#8243; parallax=&#8220;off&#8220; parallax_method=&#8220;on&#8220;][et_pb_text _builder_version=&#8220;3.19.2&#8243; header_2_font=&#8220;|||on|||||&#8220; header_2_text_color=&#8220;#ea7d00&#8243; border_width_top=&#8220;1px&#8220; border_color_top=&#8220;#ea7d00&#8243;]<\/p>\n<p>&nbsp;<\/p>\n<h2>Behandlungsschwerpunkte<\/h2>\n<p>Ich behandle gesetzlich sowie privat Versicherte unter anderem bei folgenden Problemen:<\/p>\n<ul>\n<li>Angst- und Zwangserkrankungen<\/li>\n<li>Depressionen<\/li>\n<li>Posttraumatische Belastungsst\u00f6rungen, dissoziative St\u00f6rungen<\/li>\n<li>Borderline- und andere Pers\u00f6nlichkeitsst\u00f6rungen<\/li>\n<li>Essst\u00f6rungen<\/li>\n<li>Trichotillomanie und andere Impulskontrollst\u00f6rungen<\/li>\n<li>Komplizierte Trauerreaktionen<\/li>\n<li>Psychosomatische St\u00f6rungen<\/li>\n<li>Zwischenmenschliche Probleme am Arbeitsplatz und in der Schule<\/li>\n<li>Konflikte im privaten Bereich (z. B. Partnerschaftsprobleme)<\/li>\n<\/ul>\n<p>[\/et_pb_text][\/et_pb_column][\/et_pb_row][et_pb_row use_custom_width=&#8220;on&#8220; width_unit=&#8220;off&#8220; custom_width_percent=&#8220;100%&#8220; use_custom_gutter=&#8220;on&#8220; custom_padding=&#8220;0|0px|15px|0px|false|false&#8220; custom_margin=&#8220;60px||60px||true&#8220; make_equal=&#8220;on&#8220; padding_top_bottom_link_2=&#8220;true&#8220; padding_top_2=&#8220;50px&#8220; padding_right_2=&#8220;10%&#8220; padding_bottom_2=&#8220;50px&#8220; padding_2_tablet=&#8220;0px|10%|0px|10%|true|true&#8220; padding_2_last_edited=&#8220;on|tablet&#8220; _builder_version=&#8220;3.19.2&#8243;][et_pb_column type=&#8220;1_2&#8243; _builder_version=&#8220;3.0.47&#8243; parallax=&#8220;off&#8220; parallax_method=&#8220;on&#8220;][et_pb_image src=&#8220;http:\/\/radeberg-psychotherapie.de\/wp-content\/uploads\/2018\/12\/e4be8e6a-abc2-4d56-967e-a197cc87ba5e.jpg&#8220; force_fullwidth=&#8220;on&#8220; _builder_version=&#8220;3.19.2&#8243; custom_margin=&#8220;|||&#8220; custom_margin_tablet=&#8220;||0px|&#8220; custom_margin_last_edited=&#8220;off|desktop&#8220; animation_style=&#8220;slide&#8220; animation_direction=&#8220;left&#8220; animation_intensity_slide=&#8220;5%&#8220;][\/et_pb_image][\/et_pb_column][et_pb_column type=&#8220;1_2&#8243; _builder_version=&#8220;3.0.47&#8243; padding_tablet=&#8220;0px|10%|0px|10%|true|true&#8220; padding_last_edited=&#8220;on|tablet&#8220; padding_bottom=&#8220;50px&#8220; padding_right=&#8220;10%&#8220; padding_top=&#8220;50px&#8220; parallax=&#8220;off&#8220; parallax_method=&#8220;on&#8220;][et_pb_text _builder_version=&#8220;3.19.2&#8243; text_line_height=&#8220;2em&#8220; ul_line_height=&#8220;2em&#8220; header_2_font=&#8220;|||on|||||&#8220; header_2_text_color=&#8220;#ea7d00&#8243; header_3_font=&#8220;Raleway|700|||||||&#8220; header_3_font_size=&#8220;40px&#8220; header_3_font_size_tablet=&#8220;35px&#8220; header_3_font_size_phone=&#8220;25px&#8220; header_3_font_size_last_edited=&#8220;on|phone&#8220; header_3_line_height=&#8220;1.4em&#8220; border_width_top=&#8220;1px&#8220; border_color_top=&#8220;#ea7d00&#8243; custom_margin=&#8220;0px||&#8220; inline_fonts=&#8220;Ubuntu&#8220;]<\/p>\n<p>&nbsp;<\/p>\n<h2>Anmeldung<\/h2>\n<p>Wenn Sie sich f\u00fcr mein therapeutisches Angebot interessieren, k\u00f6nnen Sie mich zu meinen telefonischen Sprechzeiten anrufen oder mir eine E-Mail schicken. Wir vereinbaren dann einen Termin f\u00fcr ein unverbindliches Erstgespr\u00e4ch im Rahmen der Psychotherapeutischen Sprechstunde. In diesem ersten Gespr\u00e4ch k\u00f6nnen Sie mir Ihre Beschwerden und Ihr Anliegen schildern. Sie erhalten von mir eine erste fachliche Einsch\u00e4tzung Ihrer Problematik sowie Informationen zu angemessenen Behandlungsm\u00f6glichkeiten. Entscheiden wir uns f\u00fcr eine gemeinsame Arbeit, tragen wir in weiteren Vorgespr\u00e4chen alle zu Beginn notwendigen Informationen zusammen.<\/p>\n<p>[\/et_pb_text][\/et_pb_column][\/et_pb_row][\/et_pb_section][et_pb_section fb_built=&#8220;1&#8243; admin_label=&#8220;Blog&#8220; _builder_version=&#8220;3.19.2&#8243; max_width=&#8220;95%&#8220; custom_padding=&#8220;0|0px|54px|0px|false|false&#8220;][et_pb_row _builder_version=&#8220;3.0.48&#8243; background_size=&#8220;initial&#8220; background_position=&#8220;top_left&#8220; background_repeat=&#8220;repeat&#8220;][et_pb_column type=&#8220;4_4&#8243; _builder_version=&#8220;3.0.47&#8243; parallax=&#8220;off&#8220; parallax_method=&#8220;on&#8220;][et_pb_text _builder_version=&#8220;3.19.2&#8243; header_2_font=&#8220;|||on|||||&#8220; header_2_text_color=&#8220;#ea7d00&#8243; border_width_top=&#8220;1px&#8220; border_color_top=&#8220;#ea7d00&#8243;]<\/p>\n<p>&nbsp;<\/p>\n<h2>Kontakt<\/h2>\n<p>Bitte beachten Sie, dass sich die Praxis im ersten Obergeschoss befindet. Ein behindertengerechter Zugang ist nicht vorhanden.<\/p>\n<p><strong>Praxis f\u00fcr Psychotherapie<\/strong><br \/>Dipl.-Psych. Juliane Baumgart<br \/>Hauptstra\u00dfe 61<br \/>01454 Radeberg<\/p>\n<p>Telefon 03528 4158309<br \/>Telefax 03528 4158311<\/p>\n<p>baumgart@radeberg-psychotherapie.de<\/p>\n<p><strong>Telefonische Sprechzeiten<\/strong><\/p>\n<ul>\n<li><strong>Mo bis Do<\/strong> 11:20 \u2013 12:00 Uhr<\/li>\n<li>In <strong>ungeraden Wochen<\/strong>: montags 17:40 &#8211; 18:00 Uhr \u00a0sowie donnerstags 16:40 &#8211; 17:00 uhr<\/li>\n<li>In <strong>geraden Wochen<\/strong>: donnerstags: 17:40 &#8211; 18:00 Uhr<\/li>\n<\/ul>\n<p>&nbsp;<\/p>\n<p>[\/et_pb_text][et_pb_text _builder_version=&#8220;3.19.2&#8243; header_2_font=&#8220;|||on|||||&#8220; header_2_text_color=&#8220;#ea7d00&#8243; border_width_top=&#8220;1px&#8220; border_color_top=&#8220;#ea7d00&#8243;]<\/p>\n<p>\u00a0<\/p>\n<h2>Verg\u00fctung<\/h2>\n<p>Wenn Sie gesetzlich versichert sind, \u00fcbernimmt Ihre Krankenkasse die Kosten der psychotherapeutischen Behandlung. \u00dcber die Beantragung der Leistungen informiere ich Sie gerne im Erstgespr\u00e4ch.<\/p>\n<p>Wenn Sie privat versichert sind, informieren Sie sich bitte bei Ihrem Krankenversicherer, ob Leistungen f\u00fcr Psychotherapie in Ihrem Versicherungsvertrag enthalten sind.<\/p>\n<p>[\/et_pb_text][\/et_pb_column][\/et_pb_row][\/et_pb_section]<\/p>\n","protected":false},"excerpt":{"rendered":"<p>[et_pb_section fb_built=&#8220;1&#8243; admin_label=&#8220;Header&#8220; _builder_version=&#8220;3.19.2&#8243; use_background_color_gradient=&#8220;on&#8220; background_color_gradient_start=&#8220;rgba(255,255,255,0.89)&#8220; background_color_gradient_end=&#8220;rgba(255,255,255,0)&#8220; background_color_gradient_type=&#8220;radial&#8220; background_color_gradient_direction_radial=&#8220;top left&#8220; background_color_gradient_start_position=&#8220;30%&#8220; background_color_gradient_end_position=&#8220;80%&#8220; background_color_gradient_overlays_image=&#8220;on&#8220; background_image=&#8220;http:\/\/radeberg-psychotherapie.de\/wp-content\/uploads\/2018\/12\/startseite_bild.jpg&#8220; custom_padding=&#8220;12vw|0px|0|0px|false|false&#8220;][et_pb_row custom_margin=&#8220;|||&#8220; _builder_version=&#8220;3.13&#8243;][et_pb_column type=&#8220;4_4&#8243; _builder_version=&#8220;3.0.47&#8243; parallax=&#8220;off&#8220; parallax_method=&#8220;on&#8220;][et_pb_text _builder_version=&#8220;3.19.2&#8243; header_font=&#8220;PT Mono|700|||||||&#8220; header_font_size=&#8220;80px&#8220; header_font_size_tablet=&#8220;48px&#8220; header_font_size_phone=&#8220;32px&#8220; header_font_size_last_edited=&#8220;on|phone&#8220; header_line_height=&#8220;1.2em&#8220; header_2_font=&#8220;Trebuchet|||on|||||&#8220; header_2_text_color=&#8220;#ea7d00&#8243; header_5_font=&#8220;Raleway|700||on|||||&#8220; header_5_text_color=&#8220;#000000&#8243; header_5_font_size=&#8220;20px&#8220; header_5_font_size_tablet=&#8220;14px&#8220; header_5_font_size_phone=&#8220;12px&#8220; header_5_font_size_last_edited=&#8220;on|desktop&#8220; header_5_letter_spacing=&#8220;0.5em&#8220; header_5_line_height=&#8220;1.8em&#8220; animation_style=&#8220;zoom&#8220; animation_intensity_zoom=&#8220;5%&#8220; inline_fonts=&#8220;Trebuchet&#8220;] PsychotherapiepraxisJuliane Baumgart [\/et_pb_text][\/et_pb_column][\/et_pb_row][\/et_pb_section][et_pb_section fb_built=&#8220;1&#8243; admin_label=&#8220;About Us&#8220; _builder_version=&#8220;3.12.2&#8243; custom_padding=&#8220;54px|0px|0|0px|false|false&#8220;][et_pb_row custom_padding=&#8220;27px|0|0|0px|false|false&#8220; custom_padding_tablet=&#8220;|0px||0px||true&#8220; custom_padding_last_edited=&#8220;off|desktop&#8220; _builder_version=&#8220;3.19.2&#8243;][et_pb_column type=&#8220;4_4&#8243; [&hellip;]<\/p>\n","protected":false},"author":1,"featured_media":0,"parent":0,"menu_order":0,"comment_status":"closed","ping_status":"closed","template":"","meta":{"_et_pb_use_builder":"on","_et_pb_old_content":"","footnotes":""},"class_list":["post-47","page","type-page","status-publish","hentry"],"_links":{"self":[{"href":"https:\/\/radeberg-psychotherapie.de\/index.php?rest_route=\/wp\/v2\/pages\/47","targetHints":{"allow":["GET"]}}],"collection":[{"href":"https:\/\/radeberg-psychotherapie.de\/index.php?rest_route=\/wp\/v2\/pages"}],"about":[{"href":"https:\/\/radeberg-psychotherapie.de\/index.php?rest_route=\/wp\/v2\/types\/page"}],"author":[{"embeddable":true,"href":"https:\/\/radeberg-psychotherapie.de\/index.php?rest_route=\/wp\/v2\/users\/1"}],"replies":[{"embeddable":true,"href":"https:\/\/radeberg-psychotherapie.de\/index.php?rest_route=%2Fwp%2Fv2%2Fcomments&post=47"}],"version-history":[{"count":33,"href":"https:\/\/radeberg-psychotherapie.de\/index.php?rest_route=\/wp\/v2\/pages\/47\/revisions"}],"predecessor-version":[{"id":167,"href":"https:\/\/radeberg-psychotherapie.de\/index.php?rest_route=\/wp\/v2\/pages\/47\/revisions\/167"}],"wp:attachment":[{"href":"https:\/\/radeberg-psychotherapie.de\/index.php?rest_route=%2Fwp%2Fv2%2Fmedia&parent=47"}],"curies":[{"name":"wp","href":"https:\/\/api.w.org\/{rel}","templated":true}]}}