{"id":61,"date":"2018-12-30T16:45:46","date_gmt":"2018-12-30T16:45:46","guid":{"rendered":"http:\/\/radeberg-psychotherapie.de\/?page_id=61"},"modified":"2019-01-31T16:32:43","modified_gmt":"2019-01-31T16:32:43","slug":"impressum-datenschutz","status":"publish","type":"page","link":"https:\/\/radeberg-psychotherapie.de\/?page_id=61","title":{"rendered":"Impressum &#038; Datenschutz"},"content":{"rendered":"<p>[et_pb_section bb_built=&#8220;1&#8243; _builder_version=&#8220;3.19.2&#8243;][et_pb_row _builder_version=&#8220;3.19.2&#8243;][et_pb_column type=&#8220;4_4&#8243;][et_pb_text _builder_version=&#8220;3.19.2&#8243;]<\/p>\n<p><span><b>Haftungsausschluss<\/b><\/span><span><br \/> <\/span><span>Eine Haftung f\u00fcr die Richtigkeit der Ver\u00f6ffentlichungen und Links kann nicht \u00fcbernommen werden. Der Betreiber ist nicht verantwortlich f\u00fcr die Inhalte externer Internetseiten.\u00a0<\/span><\/p>\n<table cellspacing=\"0\" cellpadding=\"0\">\n<tbody>\n<tr>\n<td valign=\"top\">\n<p><span><b>Praxis f\u00fcr Psychotherapie<\/b><\/span><\/p>\n<p><span>Dipl.-Psych. Juliane Baumgart<\/span><\/p>\n<p><span>Hauptstra\u00dfe 61<\/span><\/p>\n<p><span>01454 Radeberg<\/span><\/p>\n<p><span><\/span><\/p>\n<p><span>Telefon: 03528 4158309<\/span><\/p>\n<p><span>E-Mail:\u00a0<\/span><span>baumgart@radeberg-psychotherapie.de<\/span><\/p>\n<p><span>Internet:\u00a0<a href=\"http:\/\/www.radeberg-psychotherapie.de\/\">www.radeberg-psychotherapie.de<\/a>\u00a0<\/span><\/p>\n<p><span>\u00a0<\/span><\/p>\n<p><span><b>Zust\u00e4ndige Aufsichtsbeh\u00f6rde<\/b><\/span><\/p>\n<p><span>Kassen\u00e4rztliche Vereinigung Sachsen<\/span><\/p>\n<p><span>Sch\u00fctzenh\u00f6he 12<\/span><\/p>\n<p><span>01099 Dresden<\/span><\/p>\n<p><span><\/span><\/p>\n<p><span>Tel.: 0351 82 90 50<\/span><\/p>\n<p><span>Fax: 0381 8290563<\/span><\/p>\n<p><span>E-Mail:\u00a0<\/span><span>sachsen@kvs-sachsen.de<\/span><\/p>\n<p><span>Internet:\u00a0<a href=\"http:\/\/www.kvs-sachsen.de\/\">www.kvs-sachsen.de<\/a>\u00a0\u00a0<\/span><\/p>\n<\/td>\n<td valign=\"top\">\n<p><span><b>Zust\u00e4ndige Kammer<\/b><\/span><\/p>\n<p><span>Ostdeutsche Psychotherapeutenkammer (OPK)<\/span><\/p>\n<p><span>Servicecenter Psychologie<\/span><\/p>\n<p><span>Karl-Rothe-Str. 4<\/span><\/p>\n<p><span>04105 Leipzig<\/span><\/p>\n<p><span><\/span><\/p>\n<p><span>Tel.: 0341 4624320<\/span><\/p>\n<p><span>Fax: 0341 46243219<\/span><\/p>\n<p><span>E-Mail:\u00a0<\/span><span>info@opk-info.de<\/span><\/p>\n<p><span>Internet:\u00a0<a href=\"http:\/\/www.opk-info.de\/\">www.opk-info.de<\/a>\u00a0\u00a0<\/span><\/p>\n<p><span><\/span><\/p>\n<p><span><b>Berufsbezeichnung<\/b><\/span><\/p>\n<p><span>Psychologische Psychotherapeutin<\/span><\/p>\n<p><span>(verliehen in der Bundesrepublik Deutschland)\u00a0\u00a0<\/span><\/p>\n<p><span><\/span><\/p>\n<p><span><b>Berufsrechtliche Regelungen<\/b><\/span><\/p>\n<p><span><a href=\"http:\/\/www.opk-info.de\/red_tools\/download_dokument.php?id=39\">Berufsordnung f\u00fcr Psychologische Psychotherapeuten<\/a><\/span><\/p>\n<p><span><a href=\"http:\/\/www.revosax.sachsen.de\/Details.do?sid=166195916171\">S\u00e4chsisches Heilberufekammergesetz \u2013 S\u00e4chsHKaG<\/a><\/span><\/p>\n<p><span><\/span><\/p>\n<p><span><\/span><\/p>\n<p><span>\u2014\u2014\u2014\u2014\u2014<\/span><\/p>\n<p><span><\/span><\/p>\n<p><span><\/span><\/p>\n<\/td>\n<\/tr>\n<\/tbody>\n<\/table>\n<p><span><b>Datenschutzerkl\u00e4rung:<\/b><\/span><\/p>\n<p><span><\/span><\/p>\n<p><span><b>Datenschutz<\/b><\/span><\/p>\n<p><span>Die Betreiber dieser Seiten nehmen den Schutz Ihrer pers\u00f6nlichen Daten sehr ernst. Wir behandeln Ihre personenbezogenen Daten vertraulich und entsprechend der gesetzlichen Datenschutzvorschriften sowie dieser Datenschutzerkl\u00e4rung. Die Nutzung unserer Webseite ist in der Regel ohne Angabe personenbezogener Daten m\u00f6glich. Soweit auf unseren Seiten personenbezogene Daten (beispielsweise Name, Anschrift, Telefon oder E-Mail-Adressen) erhoben werden, erfolgt dies, soweit m\u00f6glich, stets auf freiwilliger Basis. Diese Daten werden ohne Ihre ausdr\u00fcckliche Zustimmung nicht an Dritte weitergegeben. Wir weisen darauf hin, dass die Daten\u00fcbertragung im Internet (z.B. bei der Kommunikation per E-Mail) Sicherheitsl\u00fccken aufweisen kann. Ein l\u00fcckenloser Schutz der Daten vor dem Zugriff durch Dritte ist nicht m\u00f6glich.<\/span><\/p>\n<p><span><\/span><\/p>\n<p><span><\/span><\/p>\n<p><span><b>Sehr geehrte Patientin,<\/b><\/span><\/p>\n<p><span><b>Sehr geehrter Patient,<\/b><\/span><\/p>\n<p><span>der Schutz Ihrer personenbezogenen Daten ist uns wichtig. Nach der EU-Datenschutz-Grundverordnung (DSGVO) sind wir verpflichtet, Sie dar\u00fcber zu informieren, zu welchem Zweck unsere Praxis Daten erhebt, speichert oder weiterleitet. Der Information k\u00f6nnen Sie auch entnehmen, welche Rechte Sie in puncto Datenschutz haben.<\/span><\/p>\n<p><span><\/span><\/p>\n<p><span><\/span><\/p>\n<p><span><b>1. Verantwortlichkeit f\u00fcr die Datenverarbeitung<\/b><\/span><\/p>\n<p><span><\/span><\/p>\n<p><span>Verantwortlich f\u00fcr die Datenverarbeitung ist:<\/span><\/p>\n<p><span><b>Praxis f\u00fcr Psychotherapie\u00a0<\/b><\/span><span><br \/> <\/span><span>Dipl.-Psych. Juliane Baumgart<\/span><span><br \/> <\/span><span>Hauptstra\u00dfe 61<\/span><span><br \/> <\/span><span>01454 Radeberg<\/span><span><\/p>\n<p> <\/span><span><b>Telefon<\/b><\/span><span>\u00a003528 4158309<\/span><span><br \/> <\/span><span><b>Telefax<\/b><\/span><span>\u00a003528 4158311<\/span><span><br \/> <\/span><span>baumgart@radeberg-psychotherapie.de<\/span><\/p>\n<p><span><\/span><\/p>\n<p><span><\/span><\/p>\n<p><span><b>2. Zweck der Datenverarbeitung<\/b><\/span><\/p>\n<p><span><\/span><\/p>\n<p><span>Die Datenverarbeitung erfolgt aufgrund gesetzlicher Vorgaben, um den Behandlungsvertrag zwischen Ihnen und Ihrem Arzt und die damit verbundenen Pflichten zu erf\u00fcllen.<\/span><\/p>\n<p><span>Hierzu verarbeiten wir Ihre personenbezogenen Daten, insbesondere Ihre Gesundheitsdaten. Dazu z\u00e4hlen Anamnesen, Diagnosen, Therapievorschl\u00e4ge und Befunde, die wir oder andere \u00c4rzte erheben. Zu diesen Zwecken k\u00f6nnen uns auch andere \u00c4rzte oder Psychotherapeuten, bei denen Sie in Behandlung sind, Daten zur Verf\u00fcgung stellen (z.B. in Arztbriefen).<\/span><\/p>\n<p><span>Die Erhebung von Gesundheitsdaten ist Voraussetzung f\u00fcr Ihre Behandlung. Werden die notwendigen Informationen nicht bereitgestellt, kann eine sorgf\u00e4ltige Behandlung nicht erfolgen.<\/span><\/p>\n<p><span><\/span><\/p>\n<p><span><\/span><\/p>\n<p><span><b>3. Empf\u00e4nger Ihrer Daten<\/b><\/span><\/p>\n<p><span><\/span><\/p>\n<p><span>Wir \u00fcbermitteln Ihre personenbezogenen Daten, wenn dies gesetzlich erlaubt ist oder Sie eingewilligt haben.<\/span><\/p>\n<p><span>Empf\u00e4nger Ihrer personenbezogenen Daten k\u00f6nnen vor allem andere \u00c4rzte \/ Psychotherapeuten, Kassen\u00e4rztliche Vereinigungen, Krankenkassen, der Medizinische Dienst der Krankenversicherung, \u00c4rztekammern und privat\u00e4rztliche Verrechnungsstellen sein.<\/span><\/p>\n<p><span>Die \u00dcbermittlung erfolgt \u00fcberwiegend zum Zwecke der Abrechnung der bei Ihnen erbrachten Leistungen, zur Kl\u00e4rung von medizinischen und sich aus Ihrem Versicherungsverh\u00e4ltnis ergebenden Fragen. Im Einzelfall erfolgt die \u00dcbermittlung von Daten an weitere berechtigte Empf\u00e4nger.<\/span><\/p>\n<p><span><\/span><\/p>\n<p><span><\/span><\/p>\n<p><span><b>4. Speicherung Ihrer Daten<\/b><\/span><\/p>\n<p><span><\/span><\/p>\n<p><span>Wir bewahren Ihre personenbezogenen Daten nur solange auf, wie dies f\u00fcr die Durchf\u00fchrung der Behandlung erforderlich ist.<\/span><\/p>\n<p><span>Aufgrund rechtlicher Vorgaben sind wir dazu verpflichtet, diese Daten mindestens 10 Jahre nach Abschlu\u00df der Behandlung aufzubewahren. Nach anderen Vorschriften k\u00f6nnen sich l\u00e4ngere Aufbewahrungsfristen ergeben, z.B. 30 Jahre bei R\u00f6ntgenaufzeichnungen laut Paragraf 28 Absatz 3 der R\u00f6ntgenverordnung.<\/span><\/p>\n<p><span><\/span><\/p>\n<p><span><\/span><\/p>\n<p><span><b>5. Ihre Rechte<\/b><\/span><\/p>\n<p><span><\/span><\/p>\n<p><span>Sie haben das Recht, \u00fcber die Sie betreffenden personenbezogenen Daten Auskunft zu erhalten. Auch k\u00f6nnen Sie die Berichtigung unrichtiger Daten verlangen.<\/span><\/p>\n<p><span>Dar\u00fcber hinaus steht Ihnen unter bestimmten Voraussetzungen das Recht auf L\u00f6schung von Daten, das Recht auf Einschr\u00e4nkung der Datenverarbeitung sowie das Recht auf Daten\u00fcbertragbarkeit zu.<\/span><\/p>\n<p><span>Die Verarbeitung Ihrer Daten erfolgt auf Basis von gesetzlichen Regelungen. Nur in Ausnahmef\u00e4llen ben\u00f6tigen wir Ihr Einverst\u00e4ndnis. In diesen F\u00e4llen haben Sie das Recht, die Einwilligung f\u00fcr die zuk\u00fcnftige Verarbeitung zu widerrufen.<\/span><\/p>\n<p><span><\/span><\/p>\n<p><span>Sie haben ferner das Recht, sich bei der zust\u00e4ndigen Aufsichtsbeh\u00f6rde f\u00fcr den Datenschutz zu beschweren, wenn Sie der Ansicht sind, dass die Verarbeitung Ihrer personenbezogenen Daten nicht rechtm\u00e4\u00dfig erfolgt.<\/span><\/p>\n<p><span><\/span><\/p>\n<p><span>Die Anschrift der f\u00fcr uns zust\u00e4ndigen Aufsichtsbeh\u00f6rde lautet:<\/span><\/p>\n<p><span>Name: Andreas Schurig<\/span><\/p>\n<p><span>Anschrift: S\u00e4chsischer Datenschutzbeauftragter<\/span><\/p>\n<p><span>Bernhard-von-Lindenau-Platz 1<\/span><\/p>\n<p><span>01067 Dresden<\/span><\/p>\n<p><span><\/span><\/p>\n<p><span><\/span><\/p>\n<p><span><b>6. Rechtliche Grundlagen<\/b><\/span><\/p>\n<p><span><\/span><\/p>\n<p><span>Rechtliche Grundlage f\u00fcr die Verarbeitung Ihrer Daten ist Artikel 9 Absatz 2 lit.h) DSGVO in Verbindung mit Paragraf 22 Absatz 1 Nr.1 lit.b) Bundesdatenschutzgesetz.<\/span><\/p>\n<p><span>Sollten Sie weitere Fragen zum Thema personenbezogene Daten haben, k\u00f6nnen Sie sich jederzeit unter der im Impressum angegebenen Adresse an uns wenden.<\/span><\/p>\n<p><span><\/span><\/p>\n<p><span><\/span><\/p>\n<p><span><b>7. Server-Log-Files<\/b><\/span><\/p>\n<p><span><\/span><\/p>\n<p><span>Der Provider der Seiten erhebt und speichert automatisch Informationen in so genannten Server-Log Files, die Ihr Browser automatisch an uns \u00fcbermittelt. Dies sind:<\/span><\/p>\n<p><span>\u00b7 Browsertyp\/ Browserversion<\/span><\/p>\n<p><span>\u00b7 verwendetes Betriebssystem<\/span><\/p>\n<p><span>\u00b7 Referrer URL<\/span><\/p>\n<p><span>\u00b7 Hostname des zugreifenden Rechners<\/span><\/p>\n<p><span>\u00b7 Uhrzeit der Serveranfrage<\/span><\/p>\n<p><span>Diese Daten sind nicht bestimmten Personen zuordenbar. Eine Zusammenf\u00fchrung dieser Daten mit anderen Datenquellen wird nicht vorgenommen. Wir behalten uns vor, diese Daten nachtr\u00e4glich zu pr\u00fcfen, wenn uns konkrete Anhaltspunkte f\u00fcr eine rechtswidrige Nutzung bekannt werden.<\/span><\/p>\n<p><span><\/span><\/p>\n<p><span>\u00a0<\/span><\/p>\n<p><span><\/span><\/p>\n<p><span><b>8. Cookies<\/b><\/span><\/p>\n<p><span><\/span><\/p>\n<p><span>Die Internetseiten verwenden keine Cookies.<\/span><\/p>\n<p><span><\/span><\/p>\n<p><span><\/span><\/p>\n<p><span><b>9. SSL-Verschl\u00fcsselung\/ Sichere Daten\u00fcbertragung<\/b><\/span><\/p>\n<p><span><\/span><\/p>\n<p><span>Diese Seite nutzt aus Gr\u00fcnden der Sicherheit und zum Schutz der \u00dcbertragung vertraulicher Inhalte, wie zum Beispiel der Anfragen, die Sie an uns als Seitenbetreiber senden, eine SSL-Verschl\u00fcsselung. Eine verschl\u00fcsselte Verbindung erkennen Sie daran, dass die Adresszeile des Browsers von \u201ehttp:\/\/\u201c auf \u201ehttps:\/\/\u201c wechselt und an dem Schloss-Symbol in Ihrer Browserzeile. Wenn die SSL Verschl\u00fcsselung aktiviert ist, k\u00f6nnen die Daten, die Sie an uns \u00fcbermitteln, nicht von Dritten mitgelesen werden.<\/span><\/p>\n<p>&nbsp;<\/p>\n<p>[\/et_pb_text][\/et_pb_column][\/et_pb_row][\/et_pb_section]<\/p>\n","protected":false},"excerpt":{"rendered":"<p>[et_pb_section bb_built=&#8220;1&#8243; _builder_version=&#8220;3.19.2&#8243;][et_pb_row _builder_version=&#8220;3.19.2&#8243;][et_pb_column type=&#8220;4_4&#8243;][et_pb_text _builder_version=&#8220;3.19.2&#8243;] Haftungsausschluss Eine Haftung f\u00fcr die Richtigkeit der Ver\u00f6ffentlichungen und Links kann nicht \u00fcbernommen werden. Der Betreiber ist nicht verantwortlich f\u00fcr die Inhalte externer Internetseiten.\u00a0 Praxis f\u00fcr Psychotherapie Dipl.-Psych. Juliane Baumgart Hauptstra\u00dfe 61 01454 Radeberg Telefon: 03528 4158309 E-Mail:\u00a0baumgart@radeberg-psychotherapie.de Internet:\u00a0www.radeberg-psychotherapie.de\u00a0 \u00a0 Zust\u00e4ndige Aufsichtsbeh\u00f6rde Kassen\u00e4rztliche Vereinigung Sachsen Sch\u00fctzenh\u00f6he 12 01099 Dresden [&hellip;]<\/p>\n","protected":false},"author":1,"featured_media":0,"parent":0,"menu_order":0,"comment_status":"closed","ping_status":"closed","template":"","meta":{"_et_pb_use_builder":"on","_et_pb_old_content":"","footnotes":""},"class_list":["post-61","page","type-page","status-publish","hentry"],"_links":{"self":[{"href":"https:\/\/radeberg-psychotherapie.de\/index.php?rest_route=\/wp\/v2\/pages\/61","targetHints":{"allow":["GET"]}}],"collection":[{"href":"https:\/\/radeberg-psychotherapie.de\/index.php?rest_route=\/wp\/v2\/pages"}],"about":[{"href":"https:\/\/radeberg-psychotherapie.de\/index.php?rest_route=\/wp\/v2\/types\/page"}],"author":[{"embeddable":true,"href":"https:\/\/radeberg-psychotherapie.de\/index.php?rest_route=\/wp\/v2\/users\/1"}],"replies":[{"embeddable":true,"href":"https:\/\/radeberg-psychotherapie.de\/index.php?rest_route=%2Fwp%2Fv2%2Fcomments&post=61"}],"version-history":[{"count":5,"href":"https:\/\/radeberg-psychotherapie.de\/index.php?rest_route=\/wp\/v2\/pages\/61\/revisions"}],"predecessor-version":[{"id":157,"href":"https:\/\/radeberg-psychotherapie.de\/index.php?rest_route=\/wp\/v2\/pages\/61\/revisions\/157"}],"wp:attachment":[{"href":"https:\/\/radeberg-psychotherapie.de\/index.php?rest_route=%2Fwp%2Fv2%2Fmedia&parent=61"}],"curies":[{"name":"wp","href":"https:\/\/api.w.org\/{rel}","templated":true}]}}